{"id":1335,"date":"2015-01-14T19:55:43","date_gmt":"2015-01-14T19:55:43","guid":{"rendered":"http:\/\/noieszencia.hu\/?page_id=1335"},"modified":"2019-07-04T16:11:53","modified_gmt":"2019-07-04T15:11:53","slug":"sors-szimfonia-rendhagyo-rendszerallitas","status":"publish","type":"page","link":"http:\/\/noieszencia.hu\/?page_id=1335","title":{"rendered":"\u00c9letre Val\u00f3s\u00e1g"},"content":{"rendered":"<h2 style=\"text-align: center;\">\u00c9letre Val\u00f3s\u00e1g &#8211; \u00f6nismereti \u00f3r\u00e1k<\/h2>\n<p>&nbsp;<br \/>\n&nbsp;<\/p>\n<p style=\"text-align: left;\">Folytat\u00f3dik \u00c9letre Val\u00f3s\u00e1g \u00f6nismereti sorozatunk:<\/p>\n<p>&nbsp;<\/p>\n<p>2015. szeptember 4. p\u00e9ntek 18.00-21.30<\/p>\n<p>Szeretet, \u00e9retts\u00e9g, \u00e9rett kapcsolat, \u00e9rett szeretet<\/p>\n<p>&nbsp;<\/p>\n<p>2015. szeptember 18. p\u00e9ntek 18.00-21.30<\/p>\n<p>Asszertivit\u00e1s ? hogyan gy\u0151zz, hogy ne f\u00e1jjon senkinek?<\/p>\n<p>&nbsp;<\/p>\n<p>2015. okt\u00f3ber 2. p\u00e9ntek 18.00-21.30<\/p>\n<p>Csal\u00e1di strukt\u00fara<\/p>\n<p>Hat\u00e1rok \u00e9s hierarchia a csal\u00e1dban, a csal\u00e1d rendje<\/p>\n<p>&nbsp;<\/p>\n<p>2015. okt\u00f3ber 16. p\u00e9ntek 18.00-21.30<\/p>\n<p>V\u00e1l\u00e1s a csal\u00e1dban<\/p>\n<p>Menjek vagy maradjak?, a v\u00e1l\u00e1s f\u00e1zisai, mozaik csal\u00e1dok, \u00f6r\u00f6kbefogad\u00e1s<\/p>\n<p>&nbsp;<\/p>\n<table>\n<tbody>\n<tr>\n<td>Helysz\u00edn:<\/td>\n<td><strong>SUB ROSA K\u00e9pess\u00e9gfejleszt\u0151 \u00e9s kineziol\u00f3gi\u00e1t oktat\u00f3 k\u00f6zpont<\/strong><\/td>\n<\/tr>\n<tr>\n<td><\/td>\n<td><strong>1134 Kis G\u00f6mb u. 13.<\/strong><\/td>\n<\/tr>\n<\/tbody>\n<\/table>\n<p>&nbsp;<\/p>\n<p>Vezeti: N\u00e9meth M\u00f3nika, Szok\u00e1n M\u00f3nika, L\u00e1z\u00e1r Ildik\u00f3<br \/>\nR\u00e9szv\u00e9teli d\u00edj: 5 000,- Ft\/alkalom<\/p>\n<p>&nbsp;<\/p>\n","protected":false},"excerpt":{"rendered":"<p>\u00c9letre Val\u00f3s\u00e1g &#8211; \u00f6nismereti \u00f3r\u00e1k &nbsp; &nbsp; Folytat\u00f3dik \u00c9letre Val\u00f3s\u00e1g \u00f6nismereti sorozatunk: &nbsp; 2015. szeptember 4. p\u00e9ntek 18.00-21.30 Szeretet, \u00e9retts\u00e9g, \u00e9rett kapcsolat, \u00e9rett szeretet &nbsp; 2015. szeptember 18. p\u00e9ntek 18.00-21.30 Asszertivit\u00e1s ? hogyan gy\u0151zz, hogy ne f\u00e1jjon senkinek? &nbsp; 2015. okt\u00f3ber 2. p\u00e9ntek 18.00-21.30 Csal\u00e1di strukt\u00fara Hat\u00e1rok \u00e9s hierarchia a csal\u00e1dban, a csal\u00e1d rendje &nbsp; [&hellip;]<\/p>\n","protected":false},"author":1,"featured_media":0,"parent":0,"menu_order":66,"comment_status":"open","ping_status":"open","template":"","meta":{"footnotes":""},"class_list":["post-1335","page","type-page","status-publish","hentry"],"_links":{"self":[{"href":"http:\/\/noieszencia.hu\/index.php?rest_route=\/wp\/v2\/pages\/1335","targetHints":{"allow":["GET"]}}],"collection":[{"href":"http:\/\/noieszencia.hu\/index.php?rest_route=\/wp\/v2\/pages"}],"about":[{"href":"http:\/\/noieszencia.hu\/index.php?rest_route=\/wp\/v2\/types\/page"}],"author":[{"embeddable":true,"href":"http:\/\/noieszencia.hu\/index.php?rest_route=\/wp\/v2\/users\/1"}],"replies":[{"embeddable":true,"href":"http:\/\/noieszencia.hu\/index.php?rest_route=%2Fwp%2Fv2%2Fcomments&post=1335"}],"version-history":[{"count":22,"href":"http:\/\/noieszencia.hu\/index.php?rest_route=\/wp\/v2\/pages\/1335\/revisions"}],"predecessor-version":[{"id":2019,"href":"http:\/\/noieszencia.hu\/index.php?rest_route=\/wp\/v2\/pages\/1335\/revisions\/2019"}],"wp:attachment":[{"href":"http:\/\/noieszencia.hu\/index.php?rest_route=%2Fwp%2Fv2%2Fmedia&parent=1335"}],"curies":[{"name":"wp","href":"https:\/\/api.w.org\/{rel}","templated":true}]}}