{"id":1681,"date":"2017-04-14T09:38:58","date_gmt":"2017-04-14T08:38:58","guid":{"rendered":"http:\/\/noieszencia.hu\/?page_id=1681"},"modified":"2020-01-22T10:33:38","modified_gmt":"2020-01-22T09:33:38","slug":"atlantisz-tarsasjatek","status":"publish","type":"page","link":"http:\/\/noieszencia.hu\/?page_id=1681","title":{"rendered":"T\u00e1rsasj\u00e1t\u00e9k le\u00edr\u00e1s"},"content":{"rendered":"<h2 style=\"text-align: center;\"><strong>Atlantisz eml\u00e9kezete t\u00e1rsasj\u00e1t\u00e9k<\/strong><\/h2>\n<h3 style=\"text-align: center;\"><strong>A l\u00e9lek j\u00e1t\u00e9ka<\/strong><\/h3>\n<p>&nbsp;<\/p>\n<p><img decoding=\"async\" style=\"width: 330px; height: 250px; float: right; margin: 0px 0px 10px 15px; border: 2px ridge #6e116b;\" src=\"http:\/\/noieszencia.hu\/wp-content\/themes\/tutorial\/images\/Atlantisz2.jpg\" alt=\"Atlantisz\" \/><\/p>\n<p style=\"text-align: justify;\">Az<strong> Atlantisz eml\u00e9kezete t\u00e1rsasj\u00e1t\u00e9k<\/strong> egy egyed\u00fcl\u00e1ll\u00f3 spiritu\u00e1lis \u00f6nismereti eszk\u00f6z. A j\u00e1t\u00e9k alkalmazhat\u00f3 egy\u00e9ni tan\u00e1csad\u00e1s, valamint csoportos \u00f6nismereti foglalkoz\u00e1s megtart\u00e1s\u00e1ra egyar\u00e1nt. Form\u00e1ja asztali t\u00e1rsasj\u00e1t\u00e9k, tartalma sokkal t\u00f6bb ann\u00e1l&#8230;<\/p>\n<p>&nbsp;<\/p>\n<p style=\"text-align: justify;\">A j\u00e1t\u00e9k megalkot\u00f3ja <strong>Salamon Laura<\/strong>. R\u00f3la \u00e9s a j\u00e1t\u00e9kr\u00f3l <a class=\"nobfly\" href=\"https:\/\/alelekjateka.wixsite.com\/alelekjateka\/ajatek\" target=\"_blank\" rel=\"noopener noreferrer\">itt<\/a> olvashatsz, a j\u00e1t\u00e9k megsz\u00fclet\u00e9s\u00e9r\u0151l pedig <a class=\"nobfly\" href=\"http:\/\/lolaverzum.wixsite.com\/lolaverzum\/single-post\/2017\/03\/20\/Atlantisz-eml\u00e9kezete---A-l\u00e9lek-j\u00e1t\u00e9ka-az-\u00e9n-t\u00f6rt\u00e9netem\" target=\"_blank\" rel=\"noopener noreferrer\">itt<\/a>. A j\u00e1t\u00e9kr\u00f3l filmes aj\u00e1nl\u00f3 pedig <a class=\"nobfly\" href=\"https:\/\/www.youtube.com\/watch?v=pn9YgIFPLE0\" target=\"_blank\" rel=\"noopener noreferrer\">itt<\/a> tal\u00e1lhat\u00f3.<\/p>\n<p>&nbsp;<\/p>\n<p style=\"text-align: justify;\"><strong>A t\u00e1rsasj\u00e1t\u00e9k Atlantisz \u0151si tudat\u00e1ra \u00e9p\u00edt. Arra az \u0151si eml\u00e9kezetre, mely a harm\u00f3nia helyre\u00e1ll\u00edt\u00e1s\u00e1ra t\u00f6rekedett a l\u00e9lek felismer\u00e9sein kereszt\u00fcl.<\/strong> Itt a jelenben k\u00fcl\u00f6n\u00f6sen fontos, hogy meg\u00e9rts\u00fck bels\u0151, \u00e9s r\u00e1nk hat\u00f3 k\u00fcls\u0151 folyamatainkat.<\/p>\n<p style=\"text-align: justify;\">Ehhez az \u0151si b\u00f6lcsess\u00e9gb\u0151l 12 utat kaptunk. 12 olyan \u00f6sv\u00e9nyt, melyet a r\u00e9gm\u00falt beavatott papjai j\u00f3l ismertek \u00e9s biztons\u00e1ggal alkalmaztak.<\/p>\n<p>&nbsp;<\/p>\n<p style=\"text-align: justify;\">Seg\u00edt a felsz\u00ednre hozni a rejtett \u00f6sszef\u00fcgg\u00e9seket, majd a harm\u00f3nia \u00e9s a szeretet elv\u00e9n kereszt\u00fcl \u00f6szt\u00f6nzi a lelket, hogy vissza\u00e1ll\u00edtsa saj\u00e1t egys\u00e9g \u00e9lm\u00e9ny\u00e9t.\u00a0A j\u00e1t\u00e9k szerepe, hogy felt\u00e1rja az ok okozatokat. C\u00e9lja, hogy az &#8222;\u00fat&#8221; bej\u00e1r\u00e1s\u00e1val \u00e1tv\u00e1ltoztassuk azokat t\u00e1mogat\u00f3 Egys\u00e9g \u00e9lm\u00e9nny\u00e9, \u00e9s ugyanazt a dolgot egy magasabb tudatoss\u00e1gi szeml\u00e9letm\u00f3db\u00f3l n\u00e9zz\u00fcnk meg.<\/p>\n<p>&nbsp;<\/p>\n<p style=\"text-align: center;\"><strong>B\u00e1r a j\u00e1t\u00e9k a mai, 21-ik sz\u00e1zadi energi\u00e1khoz alkalmazkodott, esszenci\u00e1lis b\u00f6lcsess\u00e9ge egy magasan fejlett, let\u0171nt civiliz\u00e1ci\u00f3 ihlet\u00e9b\u0151l sz\u00e1rmazik.<\/strong><\/p>\n<p>&nbsp;<\/p>\n<p style=\"text-align: justify;\">Nagyszer\u0171 szellemi \u00fatmutat\u00e1s \u00f6nmagunk alaposabb, m\u00e9lyebb megismer\u00e9s\u00e9hez, a fejl\u0151d\u00e9shez, gy\u00f3gyul\u00e1shoz. A j\u00e1t\u00e9k bels\u0151 utaz\u00e1sra h\u00edv, seg\u00edt felismerni \u00e9s \u00e1talak\u00edtani r\u00f6gz\u00fclt mint\u00e1kat, programokat, szok\u00e1sokat, hiedelmeket, tudattalan fogadalmakat, gyermekkori d\u00f6nt\u00e9seket. J\u00e1t\u00e9kos form\u00e1ban tudatos\u00edtja k\u00e9pess\u00e9geinket \u00e9s lehet\u0151s\u00e9geinket, a rendelkez\u00e9sre \u00e1ll\u00f3 er\u0151forr\u00e1sokat, \u00faj megold\u00e1sokat. Seg\u00edt felismerni a saj\u00e1t felel\u0151ss\u00e9g\u00fcnket, \u00e9s \u00e1ltala \u00f6nmagunk mester\u00e9v\u00e9 v\u00e1lhatunk. Ha a j\u00e1t\u00e9kosban nyitott sz\u00edvre, l\u00e9lekre \u00e9s elm\u00e9re tal\u00e1l, hatalmas \u00e1talak\u00edt\u00f3 er\u0151vel aj\u00e1nd\u00e9kozza meg.<\/p>\n<p style=\"text-align: justify;\">A folyamat a j\u00e1t\u00e9kmester \u00e9s a csoport \u00e1ltal megteremtett intimit\u00e1sban \u00e9s v\u00e9detts\u00e9gben zajlik. Seg\u00edts\u00e9get, &#8222;fels\u0151 vezettet\u00e9st&#8221; a minket k\u00f6r\u00fclvev\u0151 inform\u00e1ci\u00f3s mez\u0151t\u0151l \u00e9s az angyalokt\u00f3l kapunk.<\/p>\n<p style=\"text-align: justify;\">A j\u00e1t\u00e9kvezet\u0151 abban seg\u00edt, hogy j\u00e1t\u00e9kos min\u00e9l hat\u00e9konyabban tudja elv\u00e9gezni saj\u00e1t \u00e1talakul\u00e1s\u00e1t. \u00datit\u00e1rs \u00e9s k\u00eds\u00e9r\u0151 az \u00e9let\u00f6sv\u00e9ny bej\u00e1r\u00e1s\u00e1n\u00e1l. Minden r\u00e9sztvev\u0151 folyamatos szeretetteljes seg\u00edts\u00e9get \u00e9s \u00e9rt\u0151 figyelmet kap, \u00edgy mindv\u00e9gig biztons\u00e1gban \u00e9rezheti mag\u00e1t.<\/p>\n<p>&nbsp;<\/p>\n<p style=\"text-align: justify;\">A j\u00e1t\u00e9k h\u00e1l\u00f3zata kiterjed minden olyan lelket foglalkoztat\u00f3 k\u00e9rd\u00e9sre, ami energia kifejt\u00e9s\u00e9be ker\u00fcl a l\u00e9leknek. \u00cdgy ez al\u00f3l a kapcsolatok, eg\u00e9szen pontosan a kapcsolati energia sz\u00e1lak sem kiv\u00e9telek.<\/p>\n<p>&nbsp;<\/p>\n<p style=\"text-align: justify;\"><strong>Kinek aj\u00e1nlom:<\/strong><\/p>\n<ul>\n<li>b\u00e1rkinek, aki v\u00e1ltozni, v\u00e1ltoztatni szeretne; c\u00e9lja, hogy b\u00e9k\u00e9t \u00e9s bar\u00e1ts\u00e1got k\u00f6ss\u00f6n \u00f6nmag\u00e1val \u00e9s az \u0151t k\u00f6r\u00fclvev\u0151 vil\u00e1ggal; az \u00e9lettel<\/li>\n<li>aki van olyan b\u00e1tor, hogy k\u00e9rd\u00e9seket tegyen fel, \u00e9s ezekre v\u00e1laszokat szeretne<\/li>\n<li>aki \u00fagy \u00e9rzi, kell egy kis seg\u00edts\u00e9g a k\u00e9rd\u00e9s\u00e9vel, probl\u00e9m\u00e1j\u00e1val, feladat\u00e1val kapcsolatban<\/li>\n<li>aki szeretne rendet tenni a lelk\u00e9ben, \u00e9s ez\u00e9rt hajland\u00f3 m\u00e9lyre \u00e1sni<\/li>\n<li>aki nagyobb \u00f6sszhangot szeretne mag\u00e1val \u00e9s a vil\u00e1ggal<\/li>\n<li>aki szeretn\u00e9 megtapasztalni, hogy elv\u00e1laszthatatlanul \u00f6sszef\u00fcgg\u00fcnk minden m\u00e1s l\u00e9tez\u0151vel, \u00e9let\u00fcnk egy nagy, szerves eg\u00e9sz r\u00e9sze, \u00edgy sosem vagyunk egyed\u00fcl<\/li>\n<\/ul>\n<p style=\"text-align: justify;\"><strong>A j\u00e1t\u00e9k menete<\/strong><\/p>\n<p style=\"text-align: justify;\">Maxim\u00e1lis j\u00e1t\u00e9kos l\u00e9tsz\u00e1m 6 f\u0151 \/ id\u0151tartam kb. 14-16\u00a0\u00f3ra<\/p>\n<p style=\"text-align: justify;\">Minim\u00e1lis j\u00e1t\u00e9kos l\u00e9tsz\u00e1m 1 f\u0151 \/id\u0151tartam kb. 1,5-2\u00a0\u00f3ra<\/p>\n<p style=\"text-align: justify;\">Ide\u00e1lis j\u00e1t\u00e9kos l\u00e9tsz\u00e1m 3-4 f\u0151 aj\u00e1nlott\/id\u0151tartam kb. 8-9\u00a0\u00f3ra<\/p>\n<p>&nbsp;<\/p>\n<p><img decoding=\"async\" style=\"width: 400px; height: 294px; float: right; margin: 0px 0px 10px 15px; border: 2px ridge #6e116b;\" src=\"http:\/\/noieszencia.hu\/wp-content\/themes\/tutorial\/images\/Atlantisz3.jpg\" alt=\"Atlantisz\" \/><\/p>\n<p style=\"text-align: justify;\"><strong>R\u00e9sztvev\u0151k:<\/strong><\/p>\n<p style=\"text-align: justify;\">j\u00e1t\u00e9kmester \u00e9s a j\u00e1t\u00e9kosok<\/p>\n<p>&nbsp;<\/p>\n<p style=\"text-align: justify;\"><strong>A j\u00e1t\u00e9k 3 r\u00e9szre oszthat\u00f3:<\/strong><\/p>\n<ul>\n<li>T\u00e9ma meghat\u00e1roz\u00e1s<\/li>\n<li>Szem\u00e9lyes csomag kih\u00faz\u00e1sa<\/li>\n<li>\u00d6sv\u00e9nyj\u00e1r\u00e1s<\/li>\n<\/ul>\n<p style=\"text-align: justify;\">A klasszikus t\u00e1rsasj\u00e1t\u00e9kokhoz hasonl\u00f3an a j\u00e1t\u00e9k t\u00e1bl\u00e1n zajlik, dob\u00f3kocka, b\u00e1buk \u00e9s \u00fatmutat\u00f3 k\u00e1rty\u00e1k seg\u00edts\u00e9g\u00e9vel.<\/p>\n<p>&nbsp;<br \/>\n&nbsp;<\/p>\n<p style=\"text-align: justify;\">Az \u00e1tv\u00e1ltoz\u00e1shoz vezet\u0151 \u00fat megt\u00e9tel\u00e9ben az al\u00e1bbi k\u00e1rty\u00e1k seg\u00edtenek:<\/p>\n<p>&nbsp;<\/p>\n<p style=\"text-align: justify;\"><strong>Energia k\u00e1rty\u00e1k<\/strong><\/p>\n<ul>\n<li>Az Univerzumban jelen l\u00e9v\u0151 energi\u00e1k k\u00e9pvisel\u0151i. Seg\u00edti a j\u00e1t\u00e9kost, megmutatja, hogy az adott k\u00e9rd\u00e9sk\u00f6rt milyen energi\u00e1k jelenl\u00e9t\u00e9vel, felhaszn\u00e1l\u00e1s\u00e1val tudja megoldani.<\/li>\n<\/ul>\n<p style=\"text-align: justify;\"><strong>Csakra k\u00e1rty\u00e1k<\/strong><\/p>\n<ul>\n<li>Megmutatja, hogy hol t\u00e1roljuk a lelki konfliktust, illetve ennek k\u00f6vetkezm\u00e9nyek\u00e9pp mi, hol \u00e9s hogyan kompenz\u00e1l\u00f3dik.<\/li>\n<\/ul>\n<p style=\"text-align: justify;\"><strong>\u00d6npill\u00e9r k\u00e1rty\u00e1k<\/strong><\/p>\n<ul>\n<li>Szem\u00e9lyis\u00e9g\u00fcnk \u00e9s mindennapi eg\u00e9szs\u00e9ges m\u0171k\u00f6d\u00e9s\u00fcnk tart\u00f3oszlopai.<\/li>\n<\/ul>\n<p style=\"text-align: justify;\"><strong>Sz\u00fcks\u00e9gletek k\u00e1rty\u00e1k<\/strong><\/p>\n<ul>\n<li>Lelk\u00fcnk rejtett sz\u00fcks\u00e9gleteinek tudatos\u00edt\u00e1s\u00e1t \u00e9s felv\u00e1llal\u00e1s\u00e1t, valamint az \u00f6nismeret elm\u00e9ly\u00edt\u00e9s\u00e9t seg\u00edtik.<\/li>\n<\/ul>\n<p style=\"text-align: justify;\"><strong>Angyal k\u00e1rty\u00e1k<\/strong><\/p>\n<ul>\n<li>Az angyalok a j\u00e1t\u00e9k k\u00f6zben az \u00e1talak\u00edt\u00e1sban \u00e9s az ir\u00e1nymutat\u00e1sban seg\u00edtenek. Elv\u00e9gzik a l\u00e1thatatlan energi\u00e1k kisim\u00edt\u00e1s\u00e1t, a rezg\u00e9sszint megemel\u00e9s\u00e9t, valamint mindazt a munk\u00e1latot, ami az ember sz\u00e1m\u00e1ra l\u00e1thatatlan, de az Isteni Rendet szolg\u00e1lja. Seg\u00edtenek \u00f6sszekapcsol\u00f3dni a szellemi vezet\u0151nkkel, megismer\u00e9seinket \u00e9s tapasztalatainkat egy magasabb szintre emelni.<\/li>\n<\/ul>\n<p style=\"text-align: justify;\"><strong>L\u00e9leker\u0151 k\u00e1rty\u00e1k<\/strong><\/p>\n<ul>\n<li>Bels\u0151 er\u0151forr\u00e1sunkkal \u00e9s k\u00e9pess\u00e9geinkkel hoznak harm\u00f3ni\u00e1ba.<\/li>\n<\/ul>\n<p style=\"text-align: justify;\"><strong>Ill\u00fazi\u00f3k \u00e9s Konfliktus k\u00e1rty\u00e1k<\/strong><\/p>\n<ul>\n<li>Seg\u00edt a j\u00e1t\u00e9kosban megb\u00faj\u00f3 teher, konfliktus, stressz, illetve ill\u00fazi\u00f3 felismer\u00e9s\u00e9ben \u00e9s \u00e1talak\u00edt\u00e1s\u00e1ban.<\/li>\n<\/ul>\n<p style=\"text-align: justify;\"><strong>L\u00e9lek\u00f6sv\u00e9ny utak<\/strong><\/p>\n<ul>\n<li style=\"text-align: justify;\">Egyedi tan\u00edt\u00e1s \u00e9s szempont az \u00f6sv\u00e9nyj\u00e1r\u00e1shoz, j\u00f3l ir\u00e1nyzott t\u00fck\u00f6r az itt \u00e9s mostra \u00e9s egy adott k\u00e9rd\u00e9sre (t\u00e9m\u00e1ra) vonatkoz\u00f3an.<\/li>\n<\/ul>\n<p>&nbsp;<\/p>\n<p style=\"text-align: right;\"><a href=\"http:\/\/noieszencia.hu\/?page_id=1689\">Id\u0151pont, helysz\u00edn &#187;<\/a><\/p>\n","protected":false},"excerpt":{"rendered":"<p>Atlantisz eml\u00e9kezete t\u00e1rsasj\u00e1t\u00e9k A l\u00e9lek j\u00e1t\u00e9ka &nbsp; Az Atlantisz eml\u00e9kezete t\u00e1rsasj\u00e1t\u00e9k egy egyed\u00fcl\u00e1ll\u00f3 spiritu\u00e1lis \u00f6nismereti eszk\u00f6z. A j\u00e1t\u00e9k alkalmazhat\u00f3 egy\u00e9ni tan\u00e1csad\u00e1s, valamint csoportos \u00f6nismereti foglalkoz\u00e1s megtart\u00e1s\u00e1ra egyar\u00e1nt. Form\u00e1ja asztali t\u00e1rsasj\u00e1t\u00e9k, tartalma sokkal t\u00f6bb ann\u00e1l&#8230; &nbsp; A j\u00e1t\u00e9k megalkot\u00f3ja Salamon Laura. R\u00f3la \u00e9s a j\u00e1t\u00e9kr\u00f3l itt olvashatsz, a j\u00e1t\u00e9k megsz\u00fclet\u00e9s\u00e9r\u0151l pedig itt. A j\u00e1t\u00e9kr\u00f3l filmes aj\u00e1nl\u00f3 [&hellip;]<\/p>\n","protected":false},"author":1,"featured_media":0,"parent":0,"menu_order":32,"comment_status":"open","ping_status":"open","template":"","meta":{"footnotes":""},"class_list":["post-1681","page","type-page","status-publish","hentry"],"_links":{"self":[{"href":"http:\/\/noieszencia.hu\/index.php?rest_route=\/wp\/v2\/pages\/1681","targetHints":{"allow":["GET"]}}],"collection":[{"href":"http:\/\/noieszencia.hu\/index.php?rest_route=\/wp\/v2\/pages"}],"about":[{"href":"http:\/\/noieszencia.hu\/index.php?rest_route=\/wp\/v2\/types\/page"}],"author":[{"embeddable":true,"href":"http:\/\/noieszencia.hu\/index.php?rest_route=\/wp\/v2\/users\/1"}],"replies":[{"embeddable":true,"href":"http:\/\/noieszencia.hu\/index.php?rest_route=%2Fwp%2Fv2%2Fcomments&post=1681"}],"version-history":[{"count":52,"href":"http:\/\/noieszencia.hu\/index.php?rest_route=\/wp\/v2\/pages\/1681\/revisions"}],"predecessor-version":[{"id":2052,"href":"http:\/\/noieszencia.hu\/index.php?rest_route=\/wp\/v2\/pages\/1681\/revisions\/2052"}],"wp:attachment":[{"href":"http:\/\/noieszencia.hu\/index.php?rest_route=%2Fwp%2Fv2%2Fmedia&parent=1681"}],"curies":[{"name":"wp","href":"https:\/\/api.w.org\/{rel}","templated":true}]}}