{"id":2083,"date":"2020-05-05T07:50:38","date_gmt":"2020-05-05T06:50:38","guid":{"rendered":"http:\/\/noieszencia.hu\/?page_id=2083"},"modified":"2025-10-14T18:13:56","modified_gmt":"2025-10-14T17:13:56","slug":"egyeni-konzultacio","status":"publish","type":"page","link":"http:\/\/noieszencia.hu\/?page_id=2083","title":{"rendered":"Egy\u00e9ni konzult\u00e1ci\u00f3"},"content":{"rendered":"<h2 style=\"text-align: center;\">Egy\u00e9ni konzult\u00e1ci\u00f3<\/h2>\n<h3 style=\"text-align: center;\"><\/h3>\n<p>&nbsp;<\/p>\n<p style=\"text-align: justify;\">Ha elj\u00f6ssz hozz\u00e1m egy\u00e9ni konzult\u00e1ci\u00f3ra, az \u00e1ltalam tanult \u00e9s tapasztalt m\u00f3dszerek teljes eszk\u00f6zt\u00e1r\u00e1val, \u00e9s 100%-os \u00e9rt\u0151 figyelemmel k\u00eds\u00e9rlek saj\u00e1t folyamatodban.<\/p>\n<p>&nbsp;<\/p>\n<p style=\"text-align: justify;\">Seg\u00edtek a vesztes\u00e9gek, f\u00e9lelmek, f\u00e1jdalmak feldolgoz\u00e1s\u00e1ban, a r\u00e9gi elenged\u00e9s\u00e9ben \u00e9s az \u00faj megteremt\u00e9s\u00e9ben.<br \/>\nHa sz\u00fcks\u00e9ges, kezelj\u00fck a kr\u00edziseket, tudatos\u00edtjuk \u00e9s \u00e1talak\u00edtjuk a v\u00e1ltoz\u00e1s \u00fatj\u00e1ban \u00e1ll\u00f3 rejtett motiv\u00e1ci\u00f3kat, elakad\u00e1sokat, r\u00e9gi r\u00f6gz\u00fclt szok\u00e1sokat, \u00e9rzelmi \u00f6r\u00f6ks\u00e9geket, \u00f6nkorl\u00e1toz\u00f3 hiedelmeket.<\/p>\n<p>&nbsp;<\/p>\n<p style=\"text-align: justify;\">C\u00e9l a v\u00e1ltoz\u00e1s, az er\u0151forr\u00e1sok felfedez\u00e9se; \u00faj egyens\u00faly teremt\u00e9se az egy\u00e9ni fejl\u0151d\u00e9s \u00e1ltal.<br \/>\nEszk\u00f6zt adok a kezedbe, hogyan tudod a m\u00faltat lez\u00e1rni, \u00faj c\u00e9lokat kit\u0171zni, felismerni val\u00f3di sz\u00fcks\u00e9gleteid, v\u00e1gyaid, \u00e9s el\u00e9rni azokat.<\/p>\n<p>&nbsp;<\/p>\n<p style=\"text-align: justify;\">Megl\u00e1tom benned a csod\u00e1t, \u00e9s megmutatom neked is, hogy t\u00fal\u00e9l\u00e9s helyett meg\u00e9ld az \u00e9leted, \u00e9s megtal\u00e1ld a vil\u00e1gban saj\u00e1t helyed.<\/p>\n<p>&nbsp;<\/p>\n<p style=\"text-align: justify;\">K\u00f6z\u00f6sen kialak\u00edtunk egy \u00faj l\u00e1t\u00e1sm\u00f3dot, amellyel k\u00f6nnyebb, tartalmasabb, boldogabb \u00e9letet \u00e9lhetsz fizikai, lelki, szellemi szinten egyar\u00e1nt, v\u00e9gre \u00f6nmagad lehetsz.<\/p>\n<p>&nbsp;<\/p>\n<p style=\"text-align: justify;\">Munk\u00e1m minden ter\u00fclet\u00e9n, \u00edgy a tan\u00e1csad\u00e1sban is rendszerekben, \u00f6sszef\u00fcgg\u00e9sekben \u00e9s kapcsolatokban gondolkodom \u00e9s dolgozom.<\/p>\n<p>&nbsp;<\/p>\n<p style=\"text-align: justify;\">Elk\u00eds\u00e9rlek egy darabon a saj\u00e1t utadon, mik\u00f6zben meghagyom neked a d\u00f6nt\u00e9st \u00e9s a felel\u0151ss\u00e9get az \u00e9leted\u00e9rt.<\/p>\n<p>&nbsp;<\/p>\n<p style=\"text-align: justify;\">K\u00f6sz\u00f6n\u00f6m, ha megtisztelsz bizalmaddal.<\/p>\n<p>&nbsp;<br \/>\n&nbsp;<\/p>\n<p><strong>Helysz\u00edn:<\/strong><\/p>\n<p>1149 Budapest, K\u00f6v\u00e9r Lajos u. 61.<\/p>\n<p>&nbsp;<\/p>\n<p><strong>D\u00edja:<\/strong><\/p>\n<p>24 000,- Ft \/ alkalom<\/p>\n<p>&nbsp;<\/p>\n<p style=\"text-align:right\"><a href=\"http:\/\/noieszencia.hu\/?page_id=94\">Id\u0151pont egyeztet\u00e9s &#187;<\/a><\/p>\n","protected":false},"excerpt":{"rendered":"<p>Egy\u00e9ni konzult\u00e1ci\u00f3 &nbsp; Ha elj\u00f6ssz hozz\u00e1m egy\u00e9ni konzult\u00e1ci\u00f3ra, az \u00e1ltalam tanult \u00e9s tapasztalt m\u00f3dszerek teljes eszk\u00f6zt\u00e1r\u00e1val, \u00e9s 100%-os \u00e9rt\u0151 figyelemmel k\u00eds\u00e9rlek saj\u00e1t folyamatodban. &nbsp; Seg\u00edtek a vesztes\u00e9gek, f\u00e9lelmek, f\u00e1jdalmak feldolgoz\u00e1s\u00e1ban, a r\u00e9gi elenged\u00e9s\u00e9ben \u00e9s az \u00faj megteremt\u00e9s\u00e9ben. Ha sz\u00fcks\u00e9ges, kezelj\u00fck a kr\u00edziseket, tudatos\u00edtjuk \u00e9s \u00e1talak\u00edtjuk a v\u00e1ltoz\u00e1s \u00fatj\u00e1ban \u00e1ll\u00f3 rejtett motiv\u00e1ci\u00f3kat, elakad\u00e1sokat, r\u00e9gi r\u00f6gz\u00fclt szok\u00e1sokat, [&hellip;]<\/p>\n","protected":false},"author":1,"featured_media":0,"parent":0,"menu_order":5,"comment_status":"closed","ping_status":"closed","template":"","meta":{"footnotes":""},"class_list":["post-2083","page","type-page","status-publish","hentry"],"_links":{"self":[{"href":"http:\/\/noieszencia.hu\/index.php?rest_route=\/wp\/v2\/pages\/2083","targetHints":{"allow":["GET"]}}],"collection":[{"href":"http:\/\/noieszencia.hu\/index.php?rest_route=\/wp\/v2\/pages"}],"about":[{"href":"http:\/\/noieszencia.hu\/index.php?rest_route=\/wp\/v2\/types\/page"}],"author":[{"embeddable":true,"href":"http:\/\/noieszencia.hu\/index.php?rest_route=\/wp\/v2\/users\/1"}],"replies":[{"embeddable":true,"href":"http:\/\/noieszencia.hu\/index.php?rest_route=%2Fwp%2Fv2%2Fcomments&post=2083"}],"version-history":[{"count":12,"href":"http:\/\/noieszencia.hu\/index.php?rest_route=\/wp\/v2\/pages\/2083\/revisions"}],"predecessor-version":[{"id":2431,"href":"http:\/\/noieszencia.hu\/index.php?rest_route=\/wp\/v2\/pages\/2083\/revisions\/2431"}],"wp:attachment":[{"href":"http:\/\/noieszencia.hu\/index.php?rest_route=%2Fwp%2Fv2%2Fmedia&parent=2083"}],"curies":[{"name":"wp","href":"https:\/\/api.w.org\/{rel}","templated":true}]}}