{"id":300,"date":"2011-06-05T20:42:49","date_gmt":"2011-06-05T20:42:49","guid":{"rendered":"http:\/\/noieszencia.hu\/?page_id=300"},"modified":"2026-03-27T07:20:01","modified_gmt":"2026-03-27T06:20:01","slug":"csaladallitas-2","status":"publish","type":"page","link":"http:\/\/noieszencia.hu\/?page_id=300","title":{"rendered":"Csal\u00e1d\u00e1ll\u00edt\u00e1s"},"content":{"rendered":"<h2>Csal\u00e1d\u00e1ll\u00edt\u00e1s<\/h2>\n<p>&nbsp;<\/p>\n<p><strong>Vezeti:<\/strong><\/p>\n<p>L\u00e1z\u00e1r Ildik\u00f3<\/p>\n<p>csal\u00e1d- \u00e9s rendszer\u00e1ll\u00edt\u00f3, tr\u00e9ner<\/p>\n<p>&nbsp;<\/p>\n<p><strong>Id\u0151pont \u00e9s helysz\u00edn:<\/strong><\/p>\n<p>2026. m\u00e1jus 1. p\u00e9ntek 10.00-t\u0151l kb. 18.00-ig<\/p>\n<p>1149 Budapest, K\u00f6v\u00e9r Lajos u. 61.<\/p>\n<p>&nbsp;<\/p>\n<p><strong>D\u00edja:<\/strong><\/p>\n<p>\u00e1ll\u00edt\u00f3knak 24 000,- Ft, k\u00e9pvisel\u0151knek 5 000,- Ft<\/p>\n<p style=\"text-align:right\"><a href=\"http:\/\/noieszencia.hu\/?page_id=85\">A csal\u00e1d\u00e1ll\u00edt\u00e1sr\u00f3l &#187;<\/a><\/p>\n","protected":false},"excerpt":{"rendered":"<p>Csal\u00e1d\u00e1ll\u00edt\u00e1s &nbsp; Vezeti: L\u00e1z\u00e1r Ildik\u00f3 csal\u00e1d- \u00e9s rendszer\u00e1ll\u00edt\u00f3, tr\u00e9ner &nbsp; Id\u0151pont \u00e9s helysz\u00edn: 2026. m\u00e1jus 1. p\u00e9ntek 10.00-t\u0151l kb. 18.00-ig 1149 Budapest, K\u00f6v\u00e9r Lajos u. 61. &nbsp; D\u00edja: \u00e1ll\u00edt\u00f3knak 24 000,- Ft, k\u00e9pvisel\u0151knek 5 000,- Ft A csal\u00e1d\u00e1ll\u00edt\u00e1sr\u00f3l &#187;<\/p>\n","protected":false},"author":1,"featured_media":0,"parent":0,"menu_order":40,"comment_status":"open","ping_status":"open","template":"","meta":{"footnotes":""},"class_list":["post-300","page","type-page","status-publish","hentry"],"_links":{"self":[{"href":"http:\/\/noieszencia.hu\/index.php?rest_route=\/wp\/v2\/pages\/300","targetHints":{"allow":["GET"]}}],"collection":[{"href":"http:\/\/noieszencia.hu\/index.php?rest_route=\/wp\/v2\/pages"}],"about":[{"href":"http:\/\/noieszencia.hu\/index.php?rest_route=\/wp\/v2\/types\/page"}],"author":[{"embeddable":true,"href":"http:\/\/noieszencia.hu\/index.php?rest_route=\/wp\/v2\/users\/1"}],"replies":[{"embeddable":true,"href":"http:\/\/noieszencia.hu\/index.php?rest_route=%2Fwp%2Fv2%2Fcomments&post=300"}],"version-history":[{"count":240,"href":"http:\/\/noieszencia.hu\/index.php?rest_route=\/wp\/v2\/pages\/300\/revisions"}],"predecessor-version":[{"id":2467,"href":"http:\/\/noieszencia.hu\/index.php?rest_route=\/wp\/v2\/pages\/300\/revisions\/2467"}],"wp:attachment":[{"href":"http:\/\/noieszencia.hu\/index.php?rest_route=%2Fwp%2Fv2%2Fmedia&parent=300"}],"curies":[{"name":"wp","href":"https:\/\/api.w.org\/{rel}","templated":true}]}}