{"id":806,"date":"2012-01-28T10:16:52","date_gmt":"2012-01-28T10:16:52","guid":{"rendered":"http:\/\/noieszencia.hu\/?page_id=806"},"modified":"2016-06-19T17:47:34","modified_gmt":"2016-06-19T16:47:34","slug":"uzenetek","status":"publish","type":"page","link":"http:\/\/noieszencia.hu\/?page_id=806","title":{"rendered":"\u00dczenetek"},"content":{"rendered":"<h2 style=\"text-align: center;\"><strong>\u00dczenetek<\/strong><\/h2>\n<p>&nbsp;<br \/>\n&nbsp;<\/p>\n<h3>&#8222;&#8230; a test olyan, mint a v\u00edzzel telt szivacs; b\u00e1rhol megnyomjuk, megcsavarjuk, s\u0151t, ha csak finoman hozz\u00e1\u00e9r\u00fcnk, eml\u00e9kezet \u00e1rad bel\u0151le.&#8221;<\/h3>\n<h4 style=\"font-weight: 400; text-align: right; padding-right: 15px;\">C. D. Est\u00e9es<\/h4>\n<p><\/br><\/p>\n<h3>&#8222;Az intu\u00edci\u00f3 mindig hirtelen j\u00f6n, csak a gondolkod\u00e1shoz sz\u00fcks\u00e9geltetik id\u0151.&#8221;<\/h3>\n<h4 style=\"font-weight: 400; text-align: right; padding-right: 15px;\">Bert Hellinger<\/h4>\n<p><\/br><\/p>\n<h3>&#8222;A bel\u00e1t\u00e1s ismeri a maga korl\u00e1tait, az al\u00e1zat elfogadja azokat.&#8221;<\/h3>\n<h4 style=\"font-weight: 400; text-align: right; padding-right: 15px;\">Bert Hellinger<\/h4>\n<p><\/br><\/p>\n<h3>&#8222;Kint a parton leck\u00e9ket venni, t\u00fals\u00e1gosan kev\u00e9s a bel\u00e1t\u00e1shoz, csak aki al\u00e1mer\u00fcl, az tudja, mi az, ami vesz\u00e9lyeztet, \u00e9s mi az, ami megtart.&#8221;<\/h3>\n<h4 style=\"font-weight: 400; text-align: right; padding-right: 15px;\">Bert Hellinger<\/h4>\n<p><\/br><\/p>\n<h3>&#8222;Nem az\u00e9rt szeretlek, aki te vagy, hanem aki \u00e9n vagyok melletted.&#8221;<\/h3>\n<h4 style=\"font-weight: 400; text-align: right; padding-right: 15px;\">Gabriel Garcia M\u00e1rquez<\/h4>\n<p><\/br><\/p>\n<h3>&#8222;Ha mindig azt teszed, amit mindig is tett\u00e9l, akkor mindig azt kapod, amit mindig is kapt\u00e1l. Ha az, amit teszel nem m\u0171k\u00f6dik, T\u00c9GY VALAMI M\u00c1ST.&#8221;<\/h3>\n<h4 style=\"font-weight: 400; text-align: right; padding-right: 15px;\">&#8230;<\/h4>\n<p><\/br><\/p>\n<h3>&#8222;Megmutattad, hogy mik\u00e9nt tudja a szerelem megv\u00e1ltoztatni az embert. \u00c1ltalad felfedeztem, hogy ki vagyok.&#8221;<\/h3>\n<h4 style=\"font-weight: 400; text-align: right; padding-right: 15px;\">Paulo Coelho<\/h4>\n<p><\/br><\/p>\n<h3>&#8222;\u00c1ld\u00e1s pedig csak azon van, ami a Sorsod &#8211; s nincs azon, ami csup\u00e1n az \u00e9leted.&#8221;<\/h3>\n<h4 style=\"font-weight: 400; text-align: right; padding-right: 15px;\">M\u00fcller P\u00e9ter: Ji-King<\/h4>\n<p><\/br><\/p>\n<h3>&#8222;Ha mindent odaadtunk, amink csak volt, mindent elmondtunk \u00e9s megtett\u00fcnk, amit lehetett, akkor a tov\u00e1bbiakat r\u00e1 kell b\u00edznunk az Univerzumra.&#8221;<\/h3>\n<h4 style=\"font-weight: 400; text-align: right; padding-right: 15px;\">Gerd B. Ziegler<\/h4>\n","protected":false},"excerpt":{"rendered":"<p>\u00dczenetek &nbsp; &nbsp; &#8222;&#8230; a test olyan, mint a v\u00edzzel telt szivacs; b\u00e1rhol megnyomjuk, megcsavarjuk, s\u0151t, ha csak finoman hozz\u00e1\u00e9r\u00fcnk, eml\u00e9kezet \u00e1rad bel\u0151le.&#8221; C. D. Est\u00e9es &#8222;Az intu\u00edci\u00f3 mindig hirtelen j\u00f6n, csak a gondolkod\u00e1shoz sz\u00fcks\u00e9geltetik id\u0151.&#8221; Bert Hellinger &#8222;A bel\u00e1t\u00e1s ismeri a maga korl\u00e1tait, az al\u00e1zat elfogadja azokat.&#8221; Bert Hellinger &#8222;Kint a parton leck\u00e9ket venni, [&hellip;]<\/p>\n","protected":false},"author":1,"featured_media":0,"parent":0,"menu_order":92,"comment_status":"open","ping_status":"open","template":"","meta":{"footnotes":""},"class_list":["post-806","page","type-page","status-publish","hentry"],"_links":{"self":[{"href":"http:\/\/noieszencia.hu\/index.php?rest_route=\/wp\/v2\/pages\/806","targetHints":{"allow":["GET"]}}],"collection":[{"href":"http:\/\/noieszencia.hu\/index.php?rest_route=\/wp\/v2\/pages"}],"about":[{"href":"http:\/\/noieszencia.hu\/index.php?rest_route=\/wp\/v2\/types\/page"}],"author":[{"embeddable":true,"href":"http:\/\/noieszencia.hu\/index.php?rest_route=\/wp\/v2\/users\/1"}],"replies":[{"embeddable":true,"href":"http:\/\/noieszencia.hu\/index.php?rest_route=%2Fwp%2Fv2%2Fcomments&post=806"}],"version-history":[{"count":30,"href":"http:\/\/noieszencia.hu\/index.php?rest_route=\/wp\/v2\/pages\/806\/revisions"}],"predecessor-version":[{"id":1629,"href":"http:\/\/noieszencia.hu\/index.php?rest_route=\/wp\/v2\/pages\/806\/revisions\/1629"}],"wp:attachment":[{"href":"http:\/\/noieszencia.hu\/index.php?rest_route=%2Fwp%2Fv2%2Fmedia&parent=806"}],"curies":[{"name":"wp","href":"https:\/\/api.w.org\/{rel}","templated":true}]}}