{"id":91,"date":"2011-05-31T21:21:23","date_gmt":"2011-05-31T21:21:23","guid":{"rendered":"http:\/\/noieszencia.hu\/?page_id=91"},"modified":"2020-09-07T14:06:33","modified_gmt":"2020-09-07T13:06:33","slug":"linkajanlo","status":"publish","type":"page","link":"http:\/\/noieszencia.hu\/?page_id=91","title":{"rendered":"Linkaj\u00e1nl\u00f3"},"content":{"rendered":"<h2 style=\"text-align: center;\">Linkaj\u00e1nl\u00f3<\/h2>\n<p>&nbsp;<\/p>\n<h4><a class=\"rhfly\" href=\"http:\/\/alternativgyogymodok.lapozz.hu\/\" target=\"_blank\" rel=\"noopener noreferrer\">Alternat\u00edv gy\u00f3gym\u00f3dok &#8211; alternativgyogymodok.lapozz.hu<\/a><\/h4>\n<h4><a class=\"rhfly\" href=\"http:\/\/alternativmegoldasok.lapozz.hu\/\" target=\"_blank\" rel=\"noopener noreferrer\">Alternat\u00edv megold\u00e1sok &#8211; alternativmegoldasok.lapozz.hu<\/a><\/h4>\n<h4><a class=\"rhfly\" href=\"http:\/\/boldogsag.lapozz.hu\/\" target=\"_blank\" rel=\"noopener noreferrer\">Boldogs\u00e1g &#8211; boldogsag.lapozz.hu<\/a><\/h4>\n<h4><a class=\"rhfly\" href=\"http:\/\/budapest4ker.lap.hu\/\" target=\"_blank\" rel=\"noopener noreferrer\">budapest4ker.lap.hu<\/a><\/h4>\n<h4><a class=\"rhfly\" href=\"http:\/\/csaladfelallitas.lap.hu\/\" target=\"_blank\" rel=\"noopener noreferrer\">csaladfelallitas.lap.hu<\/a><\/h4>\n<h4><a class=\"rhfly\" href=\"http:\/\/csalad.lapozz.hu\/\" target=\"_blank\" rel=\"noopener noreferrer\">Csal\u00e1d &#8211; csalad.lapozz.hu<\/a><\/h4>\n<h4><a class=\"rhfly\" href=\"http:\/\/duci.lapozz.hu\/\" target=\"_blank\" rel=\"noopener noreferrer\">Duci &#8211; duci.lapozz.hu<\/a><\/h4>\n<h4><a class=\"rhfly\" href=\"http:\/\/egeszsegeseletmod.lapozz.hu\/\" target=\"_blank\" rel=\"noopener noreferrer\">Eg\u00e9szs\u00e9ges \u00e9letm\u00f3d &#8211; egeszsegeseletmod.lapozz.hu<\/a><\/h4>\n<h4><a class=\"rhfly\" href=\"http:\/\/egyensuly.lapozz.hu\/\" target=\"_blank\" rel=\"noopener noreferrer\">Egyens\u00faly &#8211; egyensuly.lapozz.hu<\/a><\/h4>\n<h4><a class=\"rhfly\" href=\"http:\/\/ezoterika.lapozz.hu\/\" target=\"_blank\" rel=\"noopener noreferrer\">Ezoterika &#8211; ezoterika.lapozz.hu<\/a><\/h4>\n<h4><a class=\"rhfly\" href=\"http:\/\/ezoterikustanfolyam.lap.hu\/\" target=\"_blank\" rel=\"noopener noreferrer\">ezoterikustanfolyam.lap.hu<\/a><\/h4>\n<h4><a class=\"rhfly\" href=\"http:\/\/kineziologus.lapozz.hu\/\" target=\"_blank\" rel=\"noopener noreferrer\">Kineziol\u00f3gus &#8211; kineziologus.lapozz.hu<\/a><\/h4>\n<h4><a class=\"rhfly\" href=\"http:\/\/noioldalak.lapozz.hu\/\" target=\"_blank\" rel=\"noopener noreferrer\">N\u0151i oldalak &#8211; noioldalak.lapozz.hu<\/a><\/h4>\n<h4><a class=\"rhfly\" href=\"http:\/\/parkapcsolat.lap.hu\/\" target=\"_blank\" rel=\"noopener noreferrer\">parkapcsolat.lap.hu<\/a><\/h4>\n<h4><a class=\"rhfly\" href=\"http:\/\/panikbetegseg.lapozz.hu\/\" target=\"_blank\" rel=\"noopener noreferrer\">P\u00e1nikbetegs\u00e9g &#8211; panikbetegseg.lapozz.hu<\/a><\/h4>\n<h4><a class=\"rhfly\" href=\"http:\/\/pszichologia.lapozz.hu\/\" target=\"_blank\" rel=\"noopener noreferrer\">Pszichol\u00f3gia &#8211; pszichologia.lapozz.hu<\/a><\/h4>\n<h4><a class=\"rhfly\" href=\"http:\/\/segitsegnyujtas.lapozz.hu\/\" target=\"_blank\" rel=\"noopener noreferrer\">Seg\u00edts\u00e9gny\u00fajt\u00e1s &#8211; segitsegnyujtas.lapozz.hu<\/a><\/h4>\n<h4><a class=\"rhfly\" href=\"http:\/\/stressz.lapozz.hu\/\" target=\"_blank\" rel=\"noopener noreferrer\">Stressz &#8211; stressz.lapozz.hu<\/a><\/h4>\n<h4><a class=\"rhfly\" href=\"http:\/\/szemelyisegfejlesztes.lapozz.hu\/\" target=\"_blank\" rel=\"noopener noreferrer\">Szem\u00e9lyis\u00e9gfejleszt\u00e9s &#8211; szemelyisegfejlesztes.lapozz.hu<\/a><\/h4>\n<h4><a class=\"rhfly\" href=\"http:\/\/tanacsadas.lapozz.hu\/\" target=\"_blank\" rel=\"noopener noreferrer\">Tan\u00e1csad\u00e1s &#8211; tanacsadas.lapozz.hu<\/a><\/h4>\n<h4><a class=\"rhfly\" href=\"http:\/\/tanfolyam.lapozz.hu\/\" target=\"_blank\" rel=\"noopener noreferrer\">Tanfolyam &#8211; tanfolyam.lapozz.hu<\/a><\/h4>\n<h4><a class=\"rhfly\" href=\"http:\/\/taborozas.lapozz.hu\/\" target=\"_blank\" rel=\"noopener noreferrer\">T\u00e1boroz\u00e1s &#8211; taborozas.lapozz.hu<\/a><\/h4>\n<h4><a class=\"rhfly\" href=\"http:\/\/terapia.lapozz.hu\/\" target=\"_blank\" rel=\"noopener noreferrer\">Ter\u00e1pia &#8211; terapia.lapozz.hu<\/a><\/h4>\n<h4><a class=\"rhfly\" href=\"http:\/\/trening.lap.hu\/\" target=\"_blank\" rel=\"noopener noreferrer\">trening.lap.hu<\/a><\/h4>\n<h4><a class=\"rhfly\" href=\"http:\/\/trening.lapozz.hu\/\" target=\"_blank\" rel=\"noopener noreferrer\">Tr\u00e9ning &#8211; trening.lapozz.hu<\/a><\/h4>\n<h4><a class=\"rhfly\" href=\"http:\/\/www.hungarian-web.hu\/\" target=\"_blank\" rel=\"noopener noreferrer\">Hungarian Web Linkgy\u0171jtem\u00e9ny<\/a><\/h4>\n<p><a class=\"rhfly\" href=\"http:\/\/www.magyar-honlap.hu\" target=\"_blank\" title=\"Magyar Honlap webkatal\u00f3gus\" rel=\"noopener noreferrer\"><img loading=\"lazy\" decoding=\"async\" src=\"http:\/\/www.magyar-honlap.hu\/banners\/magyar_k.gif\" alt=\"Magyar Honlap Linkek\" width=\"80\" height=\"15\" border=\"0\"><\/a><\/p>\n<p>&nbsp;<\/p>\n","protected":false},"excerpt":{"rendered":"<p>Linkaj\u00e1nl\u00f3 &nbsp; Alternat\u00edv gy\u00f3gym\u00f3dok &#8211; alternativgyogymodok.lapozz.hu Alternat\u00edv megold\u00e1sok &#8211; alternativmegoldasok.lapozz.hu Boldogs\u00e1g &#8211; boldogsag.lapozz.hu budapest4ker.lap.hu csaladfelallitas.lap.hu Csal\u00e1d &#8211; csalad.lapozz.hu Duci &#8211; duci.lapozz.hu Eg\u00e9szs\u00e9ges \u00e9letm\u00f3d &#8211; egeszsegeseletmod.lapozz.hu Egyens\u00faly &#8211; egyensuly.lapozz.hu Ezoterika &#8211; ezoterika.lapozz.hu ezoterikustanfolyam.lap.hu Kineziol\u00f3gus &#8211; kineziologus.lapozz.hu N\u0151i oldalak &#8211; noioldalak.lapozz.hu parkapcsolat.lap.hu P\u00e1nikbetegs\u00e9g &#8211; panikbetegseg.lapozz.hu Pszichol\u00f3gia &#8211; pszichologia.lapozz.hu Seg\u00edts\u00e9gny\u00fajt\u00e1s &#8211; segitsegnyujtas.lapozz.hu Stressz &#8211; stressz.lapozz.hu Szem\u00e9lyis\u00e9gfejleszt\u00e9s &#8211; szemelyisegfejlesztes.lapozz.hu [&hellip;]<\/p>\n","protected":false},"author":1,"featured_media":0,"parent":0,"menu_order":90,"comment_status":"open","ping_status":"open","template":"","meta":{"footnotes":""},"class_list":["post-91","page","type-page","status-publish","hentry"],"_links":{"self":[{"href":"http:\/\/noieszencia.hu\/index.php?rest_route=\/wp\/v2\/pages\/91","targetHints":{"allow":["GET"]}}],"collection":[{"href":"http:\/\/noieszencia.hu\/index.php?rest_route=\/wp\/v2\/pages"}],"about":[{"href":"http:\/\/noieszencia.hu\/index.php?rest_route=\/wp\/v2\/types\/page"}],"author":[{"embeddable":true,"href":"http:\/\/noieszencia.hu\/index.php?rest_route=\/wp\/v2\/users\/1"}],"replies":[{"embeddable":true,"href":"http:\/\/noieszencia.hu\/index.php?rest_route=%2Fwp%2Fv2%2Fcomments&post=91"}],"version-history":[{"count":75,"href":"http:\/\/noieszencia.hu\/index.php?rest_route=\/wp\/v2\/pages\/91\/revisions"}],"predecessor-version":[{"id":2227,"href":"http:\/\/noieszencia.hu\/index.php?rest_route=\/wp\/v2\/pages\/91\/revisions\/2227"}],"wp:attachment":[{"href":"http:\/\/noieszencia.hu\/index.php?rest_route=%2Fwp%2Fv2%2Fmedia&parent=91"}],"curies":[{"name":"wp","href":"https:\/\/api.w.org\/{rel}","templated":true}]}}