{"id":1317,"date":"2015-01-14T18:50:36","date_gmt":"2015-01-14T18:50:36","guid":{"rendered":"http:\/\/noieszencia.hu\/?page_id=1317"},"modified":"2020-01-22T11:09:00","modified_gmt":"2020-01-22T10:09:00","slug":"okesagok","status":"publish","type":"page","link":"https:\/\/noieszencia.hu\/?page_id=1317","title":{"rendered":"OK\u00e9s\u00e1gOK"},"content":{"rendered":"<h2 style=\"text-align: center;\"><strong>OK\u00e9s\u00e1gOK<\/strong><\/h2>\n<p>&nbsp;<\/p>\n<h3 style=\"text-align: center;\"><strong>\u00d6nismereti Tr\u00e9ning a tranzakci\u00f3anal\u00edzis jegy\u00e9ben<\/strong><\/h3>\n<h3 style=\"text-align: center;\"><strong>(n\u00e9gy felvon\u00e1sban)<\/strong><\/h3>\n<p style=\"text-align: center;\"><strong><br \/>\n<\/strong><\/p>\n<p style=\"text-align: center;\">nem v\u00e1rt, nem sz\u00edvesen l\u00e1tott &#8211; l\u00e9tez\u0151 vagyOK<\/p>\n<p style=\"text-align: center;\">nem akarOK &#8211; hajland\u00f3 vagyOK<\/p>\n<p style=\"text-align: center;\">visszautas\u00edtOK &#8211; v\u00e1gyOK<\/p>\n<p style=\"text-align: center;\">alkalmatlan vagyOK &#8211; sikeres vagyOK<\/p>\n<p style=\"text-align: center;\">k\u00f6telez\u0151 feladatOK &#8211; j\u00e1tszOK<\/p>\n<p style=\"text-align: center;\">nem t\u00f6r\u0151d\u0151 vagyOK &#8211; adOK<\/p>\n<p style=\"text-align: center;\">nem meg\u00e9rdeml\u0151 vagyOK &#8211; kapOK<\/p>\n<p style=\"text-align: center;\">korl\u00e1tOK, szab\u00e1lyOK &#8211; kock\u00e1ztatOK<\/p>\n<p style=\"text-align: center;\">elv\u00e1r\u00e1sOK &#8211; igent \u00e9s nemet mondOK<\/p>\n<p style=\"text-align: center;\">nem v\u00e1laszthatOK &#8211; v\u00e1lasztOK<\/p>\n<p style=\"text-align: center;\">visszautas\u00edtOK &#8211; elfogadOK<\/p>\n<p style=\"text-align: center;\">nem szeretett vagyOK &#8211; szeretetre k\u00e9pes vagyOK<\/p>\n<p style=\"text-align: center;\">beteg vagyOK &#8211; eg\u00e9szs\u00e9ges vagyOK<\/p>\n<p style=\"text-align: center;\">n\u0151\/f\u00e9rfi\/gyermek vagyOK<\/p>\n<p>&nbsp;<\/p>\n<p style=\"text-align: justify;\">Tudod folytatni? Akarsz OK lenni, hogy az \u00e9let is OK legyen k\u00f6r\u00fcl\u00f6tted? Akarsz a KO \u00e9lethelyzetekb\u0151l OK\u00e9s\u00e1got teremteni? Ismerkedj meg a j\u00e1tszm\u00e1k, a sorsk\u00f6nyv \u00e9s az \u00e9n\u00e1llapotok vil\u00e1g\u00e1val saj\u00e1t \u00e9lm\u00e9nyeiden kereszt\u00fcl.<\/p>\n<p>&nbsp;<\/p>\n<p><!--\n\n\n\n<table>\n\n\n<tbody>\n\n\n<tr>\n\n\n<td>Id\u0151pont:<\/td>\n\n\n\n\n<td><strong>OK\u00e9s\u00e1gOK I. modul: 2015. m\u00e1rcius 28. szombat 10.00 - 17.00<\/strong><\/td>\n\n\n<\/tr>\n\n\n\n\n<tr>\n\n\n<td><\/td>\n\n\n\n\n<td><strong>OK\u00e9s\u00e1gOK II. modul: 2015. m\u00e1rcius 29. vas\u00e1rnap  10.00 - 17.00<\/strong><\/td>\n\n\n<\/tr>\n\n\n<\/tbody>\n\n\n<\/table>\n\n\n\n&nbsp;\n\n\n\n<p>Helysz\u00edn: <strong>1047 Budapest, K\u00e1rolyi I. u. 11. 2.\/216. 30-as kapucseng\u0151<\/strong><\/p>\n\n\n\n&nbsp;\n\n\n\n<p>R\u00e9szv\u00e9teli d\u00edj: 15.000 Ft<\/p>\n\n\n\n\n<p>Jegyzet: 3.700 Ft<\/p>\n\n\n\n&nbsp;\n\n\n\n<p>Vezeti: N\u00e9meth M\u00f3nika, L\u00e1z\u00e1r Ildik\u00f3<\/p>\n\n\n\n&nbsp;\n\n--><\/p>\n","protected":false},"excerpt":{"rendered":"<p>OK\u00e9s\u00e1gOK &nbsp; \u00d6nismereti Tr\u00e9ning a tranzakci\u00f3anal\u00edzis jegy\u00e9ben (n\u00e9gy felvon\u00e1sban) nem v\u00e1rt, nem sz\u00edvesen l\u00e1tott &#8211; l\u00e9tez\u0151 vagyOK nem akarOK &#8211; hajland\u00f3 vagyOK visszautas\u00edtOK &#8211; v\u00e1gyOK alkalmatlan vagyOK &#8211; sikeres vagyOK k\u00f6telez\u0151 feladatOK &#8211; j\u00e1tszOK nem t\u00f6r\u0151d\u0151 vagyOK &#8211; adOK nem meg\u00e9rdeml\u0151 vagyOK &#8211; kapOK korl\u00e1tOK, szab\u00e1lyOK &#8211; kock\u00e1ztatOK elv\u00e1r\u00e1sOK &#8211; igent \u00e9s nemet mondOK nem [&hellip;]<\/p>\n","protected":false},"author":1,"featured_media":0,"parent":0,"menu_order":68,"comment_status":"open","ping_status":"open","template":"","meta":{"footnotes":""},"class_list":["post-1317","page","type-page","status-publish","hentry"],"_links":{"self":[{"href":"https:\/\/noieszencia.hu\/index.php?rest_route=\/wp\/v2\/pages\/1317","targetHints":{"allow":["GET"]}}],"collection":[{"href":"https:\/\/noieszencia.hu\/index.php?rest_route=\/wp\/v2\/pages"}],"about":[{"href":"https:\/\/noieszencia.hu\/index.php?rest_route=\/wp\/v2\/types\/page"}],"author":[{"embeddable":true,"href":"https:\/\/noieszencia.hu\/index.php?rest_route=\/wp\/v2\/users\/1"}],"replies":[{"embeddable":true,"href":"https:\/\/noieszencia.hu\/index.php?rest_route=%2Fwp%2Fv2%2Fcomments&post=1317"}],"version-history":[{"count":25,"href":"https:\/\/noieszencia.hu\/index.php?rest_route=\/wp\/v2\/pages\/1317\/revisions"}],"predecessor-version":[{"id":2065,"href":"https:\/\/noieszencia.hu\/index.php?rest_route=\/wp\/v2\/pages\/1317\/revisions\/2065"}],"wp:attachment":[{"href":"https:\/\/noieszencia.hu\/index.php?rest_route=%2Fwp%2Fv2%2Fmedia&parent=1317"}],"curies":[{"name":"wp","href":"https:\/\/api.w.org\/{rel}","templated":true}]}}